{"id":1202,"date":"2023-03-25T20:57:18","date_gmt":"2023-03-25T20:57:18","guid":{"rendered":"http:\/\/svb-teutoskipper.de\/?page_id=1202"},"modified":"2023-07-06T06:32:36","modified_gmt":"2023-07-06T06:32:36","slug":"wm-2023-in-colorado-springs-usa","status":"publish","type":"page","link":"http:\/\/svb-teutoskipper.de\/?page_id=1202","title":{"rendered":"WM 2023 in Colorado Springs (USA)"},"content":{"rendered":"\n<p><\/p>\n\n\n\n<h2 class=\"wp-block-heading\">Impressionen rund um die WM-Teilnahme:<\/h2>\n\n\n\n<figure class=\"wp-block-image size-large\"><img decoding=\"async\" loading=\"lazy\" width=\"768\" height=\"1024\" src=\"http:\/\/svb-teutoskipper.de\/wp-content\/uploads\/img-20230706-wa00018223408525924638198-768x1024.jpg\" alt=\"\" class=\"wp-image-1277\" srcset=\"http:\/\/svb-teutoskipper.de\/wp-content\/uploads\/img-20230706-wa00018223408525924638198-768x1024.jpg 768w, http:\/\/svb-teutoskipper.de\/wp-content\/uploads\/img-20230706-wa00018223408525924638198-225x300.jpg 225w, http:\/\/svb-teutoskipper.de\/wp-content\/uploads\/img-20230706-wa00018223408525924638198-1152x1536.jpg 1152w, http:\/\/svb-teutoskipper.de\/wp-content\/uploads\/img-20230706-wa00018223408525924638198.jpg 1536w\" sizes=\"(max-width: 768px) 100vw, 768px\" \/><\/figure>\n\n\n\n<figure class=\"wp-block-image\"><img decoding=\"async\" loading=\"lazy\" width=\"768\" height=\"1024\" src=\"http:\/\/svb-teutoskipper.de\/wp-content\/uploads\/img-20230706-wa00008984645260528667759-768x1024.jpg\" alt=\"\" class=\"wp-image-1276\" srcset=\"http:\/\/svb-teutoskipper.de\/wp-content\/uploads\/img-20230706-wa00008984645260528667759-768x1024.jpg 768w, http:\/\/svb-teutoskipper.de\/wp-content\/uploads\/img-20230706-wa00008984645260528667759-225x300.jpg 225w, http:\/\/svb-teutoskipper.de\/wp-content\/uploads\/img-20230706-wa00008984645260528667759-1152x1536.jpg 1152w, http:\/\/svb-teutoskipper.de\/wp-content\/uploads\/img-20230706-wa00008984645260528667759.jpg 1512w\" sizes=\"(max-width: 768px) 100vw, 768px\" \/><\/figure>\n\n\n\n<figure class=\"wp-block-image\"><img decoding=\"async\" loading=\"lazy\" width=\"225\" height=\"300\" src=\"http:\/\/svb-teutoskipper.de\/wp-content\/uploads\/img-20230705-wa00376468403475174122364-225x300.jpg\" alt=\"\" class=\"wp-image-1275\" srcset=\"http:\/\/svb-teutoskipper.de\/wp-content\/uploads\/img-20230705-wa00376468403475174122364-225x300.jpg 225w, http:\/\/svb-teutoskipper.de\/wp-content\/uploads\/img-20230705-wa00376468403475174122364.jpg 768w\" sizes=\"(max-width: 225px) 100vw, 225px\" \/><\/figure>\n\n\n\n<p><\/p>\n\n\n\n<p><strong>Sponsoren gesucht!!!<\/strong><\/p>\n\n\n\n<p>Bei der Deutschen Einzelmeisterschaft belegten unsere Rope Skipper gro\u00dfartige Platzierungen, wurden erneut Deutsche Einzelmeister, Deutsche Vizemeister und belegten zahlreiche Top10-Pl\u00e4tze. Melina und Leandra Krause haben sich im Einzel f\u00fcr die Weltmeisterschaft 2023 in Colorado Springs\/USA qualifiziert (mehr auf der Startseite)!<\/p>\n\n\n\n<p>Um die hohen Kosten decken zu k\u00f6nnen und unseren jungen Sportlern den Start in Colorado vom 16.-23.07.23 zu erm\u00f6glichen, brauchen wir nun DEINE Hilfe! <\/p>\n\n\n\n<p><strong>Jeder \u20ac z\u00e4hlt!<\/strong><\/p>\n\n\n\n<p>Wenn du unseren Springerinnen die WM-Teilnahme erm\u00f6glichen und sie finanziell unterst\u00fctzen m\u00f6chtest, dann freuen wir uns \u00fcber deine Spende per PayPal oder auf folgendes Konto:<\/p>\n\n\n\n<p><em>Kontoinhaber: Sportvereinigung Brackwede e.V.<\/em><br \/><em>IBAN: DE53 48050161 0050024074<\/em><br \/><em>BIC: SPBIDE3BXXX<\/em><br \/><em>Sparkasse Bielefeld<\/em><br \/><em>Verwendungszweck: WM 2023 Rope Skipping<\/em><\/p>\n\n\n\n<p>Bei Bedarf stellen wir auch gerne eine Spendenquittung aus! Dies ist jedoch nur bei einer \u00dcberweisung auf das Konto der SV Brackwede m\u00f6glich.<\/p>\n\n\n\n<p>Vielen Dank!<\/p>\n\n\n\n<figure class=\"is-layout-flex wp-block-gallery-1 wp-block-gallery has-nested-images columns-default is-cropped\">\n<figure class=\"wp-block-image size-large\"><a href=\"http:\/\/svb-teutoskipper.de\/wp-content\/uploads\/WM-2023-Sponsoring.jpg\"><img decoding=\"async\" loading=\"lazy\" width=\"576\" height=\"1024\" data-id=\"1213\"  src=\"http:\/\/svb-teutoskipper.de\/wp-content\/uploads\/WM-2023-Sponsoring-576x1024.jpg\" alt=\"\" class=\"wp-image-1213\" srcset=\"http:\/\/svb-teutoskipper.de\/wp-content\/uploads\/WM-2023-Sponsoring-576x1024.jpg 576w, http:\/\/svb-teutoskipper.de\/wp-content\/uploads\/WM-2023-Sponsoring-169x300.jpg 169w, http:\/\/svb-teutoskipper.de\/wp-content\/uploads\/WM-2023-Sponsoring-768x1365.jpg 768w, http:\/\/svb-teutoskipper.de\/wp-content\/uploads\/WM-2023-Sponsoring-864x1536.jpg 864w, http:\/\/svb-teutoskipper.de\/wp-content\/uploads\/WM-2023-Sponsoring.jpg 1152w\" sizes=\"(max-width: 576px) 100vw, 576px\" \/><\/a><\/figure>\n<\/figure>\n\n\n\n<p>&#8212;&#8212;&#8212;&#8212;&#8212;&#8212;&#8212;&#8212;&#8212;&#8212;&#8212;&#8212;&#8212;&#8212;&#8212;&#8212;&#8212;&#8212;&#8212;&#8212;&#8212;&#8212;&#8212;&#8212;&#8212;&#8212;&#8212;&#8212;&#8212;&#8212;&#8212;&#8212;&#8212;&#8212;&#8212;&#8212;&#8212;&#8212;&#8212;<\/p>\n\n\n\n<p><strong>Ein herzliches Dankesch\u00f6n an alle Sponsoren!<\/strong><\/p>\n\n\n\n<p>Bereits jetzt k\u00f6nnen wir uns bei ersten Unterst\u00fctzern von Herzen bedanken.<\/p>\n\n\n\n<p><\/p>\n\n\n\n<p><em>Unser Dank geht besonders an:<\/em><\/p>\n\n\n\n<ul>\n<li>J\u00f6rn Schmiemann<\/li>\n\n\n\n<li>Marvin Hasenbein<\/li>\n\n\n\n<li>Nina Haase<\/li>\n\n\n\n<li>Peter Boll<\/li>\n\n\n\n<li>Lasse Timmerhans<\/li>\n\n\n\n<li>Tobias Berger<\/li>\n\n\n\n<li>Christine Sch\u00fctte<\/li>\n\n\n\n<li>Miriam Tepa\u00dfe<\/li>\n\n\n\n<li>Finn Pistorius<\/li>\n\n\n\n<li>Peter Ziemke<\/li>\n\n\n\n<li>\u00dcL der SVB Turnabteilung<\/li>\n\n\n\n<li>Leon Jakob<\/li>\n\n\n\n<li>Diana Bechler<\/li>\n\n\n\n<li>Janne Marie Lenzen<\/li>\n\n\n\n<li>Sara Nagel<\/li>\n\n\n\n<li>Angelika Schuberth<\/li>\n\n\n\n<li>Nele Sundermeier<\/li>\n\n\n\n<li>Klara Zitter<\/li>\n\n\n\n<li>Merle Zitter<\/li>\n\n\n\n<li>Bjarne Ucke<\/li>\n\n\n\n<li>Christian Ziemke<\/li>\n\n\n\n<li>Tamara L\u00fcck<\/li>\n\n\n\n<li>Meike R\u00fcscher<\/li>\n\n\n\n<li>WPE Elektrotechnik<\/li>\n\n\n\n<li>Katharina Tost<\/li>\n\n\n\n<li>Jens Alternbernd<\/li>\n\n\n\n<li>Besucher der SVB Delegiertenversammlung<\/li>\n\n\n\n<li>Besucher Leinewebermarkt<\/li>\n\n\n\n<li>Sharam Karim<\/li>\n\n\n\n<li>Joel Kirsch<\/li>\n\n\n\n<li>Kim<\/li>\n\n\n\n<li>Volkan Erdem<\/li>\n\n\n\n<li>Michael Gro\u00dfeschallau<\/li>\n\n\n\n<li>Torsten Koplin<\/li>\n\n\n\n<li>Turngau MiRa<\/li>\n\n\n\n<li>SVB Judo-Abteilung<\/li>\n\n\n\n<li>Fam. Mikus<\/li>\n\n\n\n<li>Sonja Roll<\/li>\n\n\n\n<li>WSW W\u00e4lzlager<\/li>\n\n\n\n<li>Besucher des Brackweder Rasencaf\u00e9s<\/li>\n\n\n\n<li>Lorena Thomasa Gl\u00e4nzel<\/li>\n\n\n\n<li>Sascha Liebau<\/li>\n\n\n\n<li><\/li>\n<\/ul>\n","protected":false},"excerpt":{"rendered":"<p>Impressionen rund um die WM-Teilnahme: Sponsoren gesucht!!! Bei der Deutschen Einzelmeisterschaft belegten unsere Rope Skipper gro\u00dfartige Platzierungen, wurden erneut Deutsche Einzelmeister, Deutsche Vizemeister und belegten zahlreiche Top10-Pl\u00e4tze. Melina und Leandra Krause haben sich im Einzel f\u00fcr die Weltmeisterschaft 2023 in &hellip; <a href=\"http:\/\/svb-teutoskipper.de\/?page_id=1202\">Weiterlesen <span class=\"meta-nav\">&rarr;<\/span><\/a><\/p>\n","protected":false},"author":1,"featured_media":0,"parent":0,"menu_order":0,"comment_status":"closed","ping_status":"closed","template":"","meta":[],"_links":{"self":[{"href":"http:\/\/svb-teutoskipper.de\/index.php?rest_route=\/wp\/v2\/pages\/1202"}],"collection":[{"href":"http:\/\/svb-teutoskipper.de\/index.php?rest_route=\/wp\/v2\/pages"}],"about":[{"href":"http:\/\/svb-teutoskipper.de\/index.php?rest_route=\/wp\/v2\/types\/page"}],"author":[{"embeddable":true,"href":"http:\/\/svb-teutoskipper.de\/index.php?rest_route=\/wp\/v2\/users\/1"}],"replies":[{"embeddable":true,"href":"http:\/\/svb-teutoskipper.de\/index.php?rest_route=%2Fwp%2Fv2%2Fcomments&post=1202"}],"version-history":[{"count":12,"href":"http:\/\/svb-teutoskipper.de\/index.php?rest_route=\/wp\/v2\/pages\/1202\/revisions"}],"predecessor-version":[{"id":1279,"href":"http:\/\/svb-teutoskipper.de\/index.php?rest_route=\/wp\/v2\/pages\/1202\/revisions\/1279"}],"wp:attachment":[{"href":"http:\/\/svb-teutoskipper.de\/index.php?rest_route=%2Fwp%2Fv2%2Fmedia&parent=1202"}],"curies":[{"name":"wp","href":"https:\/\/api.w.org\/{rel}","templated":true}]}}