{"id":13,"date":"2012-01-28T13:09:46","date_gmt":"2012-01-28T13:09:46","guid":{"rendered":"http:\/\/svb-teutoskipper.de\/?page_id=13"},"modified":"2020-07-02T17:46:06","modified_gmt":"2020-07-02T17:46:06","slug":"rope-skipping","status":"publish","type":"page","link":"http:\/\/svb-teutoskipper.de\/?page_id=13","title":{"rendered":"Rope Skipping"},"content":{"rendered":"<p>Rope Skipping (Kunstseilspringen) kommt urspr\u00fcnglich aus den USA, wo es eine typische Stra\u00dfensportart ist. Mittlerweile erlebt diese Sportart nun aber auch einen echten Boom in Europa.<\/p>\n<p><strong>Aber Rope Skipping ist nicht gleich Seil springen!<\/strong><\/p>\n<p>Akrobatik im und mit dem Seil, alleine, aber auch in der Gruppe oder mit mehreren Seilen gleichzeitig. Es ist schnell, vielf\u00e4ltig und effektiv!<\/p>\n<p>In Deutschland ist Rope Skipping unter dem Dach des Deutschen Turnerbundes (DTB). Es gibt mittlerweile zahlreiche Sportvereine, die Rope Skipping anbieten. Dieser Sport ist vielf\u00e4ltig, da er sowohl von Jungen, als auch von M\u00e4dchen ausgef\u00fchrt werden kann und die Schwierigkeitslevel stark variieren k\u00f6nnen. Auch das Alter spielt keine gro\u00dfe Rolle, im Vordergrund stehen Spa\u00df und Fitness.<\/p>\n<p>Auch internationale Wettk\u00e4mpfe bieten den SkipperInnen die M\u00f6glichkeit, sich mit anderen zu messen. So zum Beispiel die  Weltmeisterschaften, die im j\u00e4hrlichen Wechsel mit den Europameisterschaften stattfinden.<\/p>\n","protected":false},"excerpt":{"rendered":"<p>Rope Skipping (Kunstseilspringen) kommt urspr\u00fcnglich aus den USA, wo es eine typische Stra\u00dfensportart ist. Mittlerweile erlebt diese Sportart nun aber auch einen echten Boom in Europa. Aber Rope Skipping ist nicht gleich Seil springen! Akrobatik im und mit dem Seil, &hellip; <a href=\"http:\/\/svb-teutoskipper.de\/?page_id=13\">Weiterlesen <span class=\"meta-nav\">&rarr;<\/span><\/a><\/p>\n","protected":false},"author":1,"featured_media":0,"parent":0,"menu_order":0,"comment_status":"closed","ping_status":"closed","template":"","meta":[],"_links":{"self":[{"href":"http:\/\/svb-teutoskipper.de\/index.php?rest_route=\/wp\/v2\/pages\/13"}],"collection":[{"href":"http:\/\/svb-teutoskipper.de\/index.php?rest_route=\/wp\/v2\/pages"}],"about":[{"href":"http:\/\/svb-teutoskipper.de\/index.php?rest_route=\/wp\/v2\/types\/page"}],"author":[{"embeddable":true,"href":"http:\/\/svb-teutoskipper.de\/index.php?rest_route=\/wp\/v2\/users\/1"}],"replies":[{"embeddable":true,"href":"http:\/\/svb-teutoskipper.de\/index.php?rest_route=%2Fwp%2Fv2%2Fcomments&post=13"}],"version-history":[{"count":10,"href":"http:\/\/svb-teutoskipper.de\/index.php?rest_route=\/wp\/v2\/pages\/13\/revisions"}],"predecessor-version":[{"id":940,"href":"http:\/\/svb-teutoskipper.de\/index.php?rest_route=\/wp\/v2\/pages\/13\/revisions\/940"}],"wp:attachment":[{"href":"http:\/\/svb-teutoskipper.de\/index.php?rest_route=%2Fwp%2Fv2%2Fmedia&parent=13"}],"curies":[{"name":"wp","href":"https:\/\/api.w.org\/{rel}","templated":true}]}}