{"id":32,"date":"2012-01-28T13:46:21","date_gmt":"2012-01-28T13:46:21","guid":{"rendered":"http:\/\/svb-teutoskipper.de\/?page_id=32"},"modified":"2025-05-06T09:44:00","modified_gmt":"2025-05-06T09:44:00","slug":"impressum","status":"publish","type":"page","link":"http:\/\/svb-teutoskipper.de\/?page_id=32","title":{"rendered":"Impressum"},"content":{"rendered":"<p id=\"u3271-4\" class=\"Flie-text-Fett\"><strong>Inhaltlich Verantwortliche gem\u00e4\u00df \u00a7 55 Abs. 2 RStV: Marina Kl\u00f6sener<\/strong><\/p>\n<p id=\"u3271-6\" class=\"Flie-text-Fett\"><strong>Sportvereinigung Brackwede e. V.<\/strong><br \/>\nCheruskerstr. 1<br \/>\n33647 Bielefeld<\/p>\n<p id=\"u3271-12\" class=\"Flie-text-Normal\">Telefon: +49 521 44 63 32<br \/>\nTelefax: +49 521 43 23 62<br \/>\nE-Mail: svbev@t-online.de<br \/>\nInternet: www.sv-brackwede.de<\/p>\n<p id=\"u3271-19\" class=\"Flie-text-Normal\">\n<p id=\"u3271-21\" class=\"Flie-text-Fett\"><strong>Registergericht: Amtsgericht Bielefeld<\/strong><\/p>\n<p id=\"u3271-23\" class=\"Flie-text-Normal\">Registernummer: VR 1263<\/p>\n<p id=\"u3271-25\" class=\"Flie-text-Normal\">Institutionskennzeichen: 440 572 397<\/p>\n<p id=\"u3271-27\" class=\"Flie-text-Normal\">Gl\u00e4ubiger-ID: DE22ZZZ00000429962<\/p>\n<p id=\"u3271-29\" class=\"Flie-text-Normal\">Steuernummer: 349\/5904\/1964<\/p>\n<h3 id=\"u3271-30\" class=\"Headline-30-Orange\"><\/h3>\n<h5 id=\"u3271-32\" class=\"Headline-30-Orange\"><strong>Haftungsausschluss:<\/strong><\/h5>\n<p id=\"u3271-34\" class=\"Flie-text-Fett\"><strong>Haftung f\u00fcr Inhalte<\/strong><\/p>\n<p id=\"u3271-36\" class=\"Flie-text-Normal\">Die Inhalte unserer Seiten wurden mit gr\u00f6\u00dfter Sorgfalt erstellt. F\u00fcr die Richtigkeit, Vollst\u00e4ndigkeit und Aktualit\u00e4t der Inhalte k\u00f6nnen wir jedoch keine Gew\u00e4hr \u00fcbernehmen. Als Diensteanbieter sind wir gem\u00e4\u00df \u00a7 7 Abs.1 TMG f\u00fcr eigene Inhalte auf diesen Seiten nach den allgemeinen Gesetzen verantwortlich. Nach \u00a7\u00a7 8 bis 10 TMG sind wir als Diensteanbieter jedoch nicht verpflichtet, \u00fcbermittelte oder gespeicherte fremde Informationen zu \u00fcberwachen oder nach Umst\u00e4nden zu forschen, die auf eine rechtswidrige T\u00e4tigkeit hinweisen. Verpflichtungen zur Entfernung oder Sperrung der Nutzung von Informationen nach den allgemeinen Gesetzen bleiben hiervon unber\u00fchrt. Eine diesbez\u00fcgliche Haftung ist jedoch erst ab dem Zeitpunkt der Kenntnis einer konkreten Rechtsverletzung m\u00f6glich. Bei Bekanntwerden von entsprechenden Rechtsverletzungen werden wir diese Inhalte umgehend entfernen.<\/p>\n<p id=\"u3271-38\" class=\"Flie-text-Fett\"><strong>Urheberrecht<\/strong><\/p>\n<p id=\"u3271-40\" class=\"Flie-text-Normal\">Die durch die Seitenbetreiber erstellten Inhalte und Werke auf diesen Seiten unterliegen dem deutschen Urheberrecht. Die Vervielf\u00e4ltigung, Bearbeitung, Verbreitung und jede Art der Verwertung au\u00dferhalb der Grenzen des Urheberrechtes bed\u00fcrfen der schriftlichen Zustimmung des jeweiligen Autors bzw. Erstellers. Downloads und Kopien dieser Seite sind nur f\u00fcr den privaten, nicht kommerziellen Gebrauch gestattet. Soweit die Inhalte auf dieser Seite nicht vom Betreiber erstellt wurden, werden die Urheberrechte Dritter beachtet. Insbesondere werden Inhalte Dritter als solche gekennzeichnet. Sollten Sie trotzdem auf eine Urheberrechtsverletzung aufmerksam werden, bitten wir um einen entsprechenden Hinweis. Bei Bekanntwerden von Rechtsverletzungen werden wir derartige Inhalte umgehend entfernen.<\/p>\n<p id=\"u3271-42\" class=\"Flie-text-Fett\"><strong>Datenschutz<\/strong><\/p>\n<p id=\"u3271-44\" class=\"Flie-text-Normal\">Die Nutzung unserer Webseite ist in der Regel ohne Angabe personenbezogener Daten m\u00f6glich. Soweit auf unseren Seiten personenbezogene Daten (beispielsweise Name, Anschrift oder eMail-Adressen) erhoben werden, erfolgt dies, soweit m\u00f6glich, stets auf freiwilliger Basis. Diese Daten werden ohne Ihre ausdr\u00fcckliche Zustimmung nicht an Dritte weitergegeben.<\/p>\n<p id=\"u3271-46\" class=\"Flie-text-Normal\">Wir weisen darauf hin, dass die Daten\u00fcbertragung im Internet (z.B. bei der Kommunikation per E-Mail) Sicherheitsl\u00fccken aufweisen kann. Ein l\u00fcckenloser Schutz der Daten vor dem Zugriff durch Dritte ist nicht m\u00f6glich.<\/p>\n<p id=\"u3271-48\" class=\"Flie-text-Normal\">Der Nutzung von im Rahmen der Impressumspflicht ver\u00f6ffentlichten Kontaktdaten durch Dritte zur \u00dcbersendung von nicht ausdr\u00fccklich angeforderter Werbung und Informationsmaterialien wird hiermit ausdr\u00fccklich widersprochen. Die Betreiber der Seiten behalten sich ausdr\u00fccklich rechtliche Schritte im Falle der unverlangten Zusendung von Werbeinformationen, etwa durch Spam-Mails, vor.<\/p>\n<p id=\"u3271-50\" class=\"Flie-text-Fett\"><strong>Google Analytics<\/strong><\/p>\n<p id=\"u3271-52\" class=\"Flie-text-Normal\">Diese Website benutzt Google Analytics, einen Webanalysedienst der Google Inc. (&#8220;Google&#8220;). Google Analytics verwendet sog. &#8220;Cookies&#8220;, Textdateien, die auf Ihrem Computer gespeichert werden und die eine Analyse der Benutzung der Website durch Sie erm\u00f6glicht. Die durch den Cookie erzeugten Informationen \u00fcber Ihre Benutzung diese Website (einschlie\u00dflich Ihrer IP-Adresse) wird an einen Server von Google in den USA \u00fcbertragen und dort gespeichert. Google wird diese Informationen benutzen, um Ihre Nutzung der Website auszuwerten, um Reports \u00fcber die Websiteaktivit\u00e4ten f\u00fcr die Websitebetreiber zusammenzustellen und um weitere mit der Websitenutzung und der Internetnutzung verbundene Dienstleistungen zu erbringen. Auch wird Google diese Informationen gegebenenfalls an Dritte \u00fcbertragen, sofern dies gesetzlich vorgeschrieben oder soweit Dritte diese Daten im Auftrag von Google verarbeiten. Google wird in keinem Fall Ihre IP-Adresse mit anderen Daten der Google in Verbindung bringen. Sie k\u00f6nnen die Installation der Cookies durch eine entsprechende Einstellung Ihrer Browser Software verhindern; wir weisen Sie jedoch darauf hin, dass Sie in diesem Fall gegebenenfalls nicht s\u00e4mtliche Funktionen dieser Website voll umf\u00e4nglich nutzen k\u00f6nnen. Durch die Nutzung dieser Website erkl\u00e4ren Sie sich mit der Bearbeitung der \u00fcber Sie erhobenen Daten durch Google in der zuvor beschriebenen Art und Weise und zu dem zuvor benannten Zweck einverstanden.<\/p>\n<h3 id=\"u3271-55\" class=\"Flie-text-Normal\">Quelle: Impressum Generator von Rechtsanw\u00e4ltin Franziska Hasselbach<\/h3>\n<p id=\"u3271-56\" class=\"Flie-text-Normal\">\n<h5 id=\"u3271-58\" class=\"Headline-30-Orange\"><strong>Datenschutz<\/strong><\/h5>\n<p id=\"u3271-60\" class=\"Flie-text-Fett\"><strong>Informationspflichten nach Artikel 13 und 14 DSGVO<\/strong><\/p>\n<p id=\"u3271-62\" class=\"Flie-text-Normal\">Nach Artikel 13 und 14 EU-DSGVO hat der Verantwortliche einer betroffenen Person, deren Daten er verarbeitet, die in den Artikeln genannten Informationen bereit zu stellen. Dieser Informationspflicht kommt dieses Merkblatt nach.<\/p>\n<p id=\"u3271-64\" class=\"Flie-text-Fett\"><strong>1. Namen und Kontaktdaten des Verantwortlichen sowie gegebenenfalls seiner Vertreter:<\/strong><\/p>\n<p id=\"u3271-69\" class=\"Flie-text-Normal\">Sportvereinigung Brackwede e.V.<br \/>\nCheruskerstr. 1<br \/>\n33647 Bielefeld<\/p>\n<p id=\"u3271-76\" class=\"Flie-text-Normal\">Gesetzlich vertreten durch den Vorstand gem\u00e4\u00df \u00a726BGB Thomas Loetzke, Doris Strijowski, Wilfried Zinram<\/p>\n<p id=\"u3271-80\" class=\"Flie-text-Fett\"><strong>2. Kontaktdaten des Datenschutzbeauftragten\/der Datenschutzbeauftragten:<\/strong><\/p>\n<p id=\"u3271-82\" class=\"Flie-text-Normal\">Sportvereinigung Brackwede e.V.<br \/>\nAnsprechpartner: Kindt, J\u00fcrgen<br \/>\nCheruskerstr. 1<br \/>\n33647 Bielefeld<\/p>\n<p id=\"u3271-92\" class=\"Flie-text-Fett\"><strong>3. Zwecke, f\u00fcr die personenbezogenen Daten verarbeitet werden:<\/strong><\/p>\n<p id=\"u3271-94\" class=\"Flie-text-Normal\">\u2022 Die personenbezogenen Daten werden f\u00fcr die Durchf\u00fchrung des Mitgliedschaftsverh\u00e4ltnisses verarbeitet (z.B. Einladung zu Versammlungen, Beitragseinzug, Organisation des Sportbetriebes).<\/p>\n<p id=\"u3271-100\" class=\"Flie-text-Normal\">\u2022 Ferner werden personenbezogene Daten zur Teilnahme am Wettkampf-, Turnier- und Spielbetrieb der Landesfachverb\u00e4nde an diese weitergeleitet.<\/p>\n<p id=\"u3271-104\" class=\"Flie-text-Normal\">\u2022 Dar\u00fcber hinaus werden personenbezogene Daten im Zusammenhang mit sportlichen Ereignissen einschlie\u00dflich der Berichterstattung hier\u00fcber auf der Internetseite des Vereins, in Auftritten des Vereins in Sozialen Medien sowie auf Seiten der Fachverb\u00e4nde ver\u00f6ffentlicht und an lokale, regionale und \u00fcberregionale Printmedien \u00fcbermittelt.<\/p>\n<p id=\"u3271-108\" class=\"Flie-text-Fett\"><strong>4. Rechtsgrundlagen, auf Grund derer die Verarbeitung erfolgt:<\/strong><\/p>\n<p id=\"u3271-110\" class=\"Flie-text-Normal\">\u2022 Die Verarbeitung der personenbezogenen Daten erfolgt in der Regel aufgrund der Erforderlichkeit zur Erf\u00fcllung eines Vertrages gem\u00e4\u00df Artikel 6 Abs. 1 lit. b) DSGVO. Bei den Vertragsverh\u00e4ltnissen handelt es sich in erster Linie um das Mitgliedschafts- verh\u00e4ltnis im Verein und um die Teilnahme am Spielbetrieb der Fachverb\u00e4nde.<\/p>\n<p id=\"u3271-112\" class=\"Flie-text-Normal\">\u2022 Werden personenbezogene Daten erhoben, ohne dass die Verarbeitung zur Erf\u00fcllung des Vertrages erforderlich ist, erfolgt die Verarbeitung aufgrund einer Einwilligung nach Artikel 6 Abs. 1 lit. a) i.V.m. Artikel 7 DSGVO.<\/p>\n<p id=\"u3271-114\" class=\"Flie-text-Normal\">\u2022 Die Ver\u00f6ffentlichung personenbezogener Daten im Internet oder in lokalen, regionalen oder \u00fcberregionalen Printmedien erfolgt zur Wahrung berechtigter Interessen des Vereins (vgl. Artikel 6 Abs. 1 lit. f) DSGVO). Das berechtigte Interesse des Vereins besteht in der Information der \u00d6ffentlichkeit durch Berichtserstattung \u00fcber die Aktivit\u00e4ten des Vereins. In diesem Rahmen werden personenbezogene Daten einschlie\u00dflich von Bildern der Teilnehmer zum Beispiel im Rahmen der Berichterstattung \u00fcber sportliche Ereignisse des Vereins ver\u00f6ffentlicht.<\/p>\n<p id=\"u3271-116\" class=\"Flie-text-Fett\"><strong>5. Die Empf\u00e4nger oder Kategorien von Empf\u00e4ngern der personenbezogenen Daten:<\/strong><\/p>\n<p id=\"u3271-118\" class=\"Flie-text-Normal\">\u2022 Personenbezogene Daten der Mitglieder, die am Spiel- und Wettkampfbetrieb der Landesfachverb\u00e4nde teilnehmen, werden zum Erwerb einer Lizenz, einer Wertungskarte, eines Spielerpasses oder sonstiger Teilnahmeberechtigung an den jeweiligen Landesfachverband weitergegeben.<\/p>\n<p id=\"u3271-120\" class=\"Flie-text-Normal\">\u2022 Die Daten der Bankverbindung der Mitglieder werden zum Zwecke des Beitragseinzugs an das Bankinstitut (Name eingeben) weitergeleitet.<\/p>\n<p id=\"u3271-122\" class=\"Flie-text-Fett\"><strong>6. Die Dauer, f\u00fcr die die personenbezogenen Daten gespeichert werden oder, falls dies nicht m\u00f6glich ist, die Kriterien f\u00fcr die Festlegung der Dauer:<\/strong><\/p>\n<p id=\"u3271-124\" class=\"Flie-text-Normal\">\u2022 Die personenbezogenen Daten werden f\u00fcr die Dauer der Mitgliedschaft gespeichert. Mit Beendigung der Mitgliedschaft werden die Datenkategorien gem\u00e4\u00df den gesetzlichen Aufbewahrungsfristen weitere zehn Jahre vorgehalten und dann gel\u00f6scht. In der Zeit zwischen Beendigung der Mitgliedschaft und der L\u00f6schung wird die Verarbeitung dieser Daten eingeschr\u00e4nkt.<\/p>\n<p id=\"u3271-126\" class=\"Flie-text-Normal\">\u2022 Bestimmte Datenkategorien werden zum Zweck der Vereinschronik im Vereinsarchiv gespeichert. Hierbei handelt es sich um die Kategorien Vorname, Nachname, Zugeh\u00f6rigkeit zu einer Mannschaft, besondere sportliche Erfolge oder Ereignisse, an denen die betroffene Person mitgewirkt hat. Der Speicherung liegt ein berechtigtes Interesse des Vereins an der zeitgeschichtlichen Dokumentation von sportlichen Ereignissen und Erfolgen und der jeweiligen Zusammensetzung der Mannschaften zugrunde.<\/p>\n<p id=\"u3271-128\" class=\"Flie-text-Normal\">\u2022 Alle Daten der \u00fcbrigen Kategorien (z.B. Bankdaten, Anschrift, Kontaktdaten) werden mit Beendigung der Mitgliedschaft gel\u00f6scht.<\/p>\n<p id=\"u3271-130\" class=\"Flie-text-Fett\"><strong>7. Der betroffenen Person stehen unter den in den Artikeln jeweils genannten Voraussetzungen die nachfolgenden Rechte zu:<\/strong><\/p>\n<p id=\"u3271-134\" class=\"Flie-text-Normal\">\u2012 das Recht auf Auskunft nach Artikel 15 DSGVO,<\/p>\n<p id=\"u3271-136\" class=\"Flie-text-Normal\">\u2012 das Recht auf Berichtigung nach Artikel 16 DSGVO,<\/p>\n<p id=\"u3271-138\" class=\"Flie-text-Normal\">\u2012 das Recht auf L\u00f6schung nach Artikel 17 DSGVO,<\/p>\n<p id=\"u3271-140\" class=\"Flie-text-Normal\">\u2012 das Recht auf Einschr\u00e4nkung der Verarbeitung nach Artikel 18 DSGVO,<\/p>\n<p id=\"u3271-142\" class=\"Flie-text-Normal\">\u2012 das Recht auf Daten\u00fcbertragbarkeit nach Artikel 20 DSGVO,<\/p>\n<p id=\"u3271-144\" class=\"Flie-text-Normal\">\u2012 das Widerspruchsrecht nach Artikel 21 DSGVO,<\/p>\n<p id=\"u3271-146\" class=\"Flie-text-Normal\">\u2012 das Recht auf Beschwerde bei einer Aufsichtsbeh\u00f6rde nach Artikel 77 DSGVO<\/p>\n<p id=\"u3271-148\" class=\"Flie-text-Normal\">\u2012 das Recht, eine erteilte Einwilligung jederzeit widerrufen zu k\u00f6nnen, ohne dass die Rechtm\u00e4\u00dfigkeit der aufgrund der Einwilligung bis zum Widerruf erfolgten Verarbeitung hierdurch ber\u00fchrt wird.<\/p>\n<p id=\"u3271-150\" class=\"Flie-text-Fett\"><strong>8. Die Quelle, aus der die personenbezogenen Daten stammen:<\/strong><\/p>\n<p id=\"u3271-152\" class=\"Flie-text-Normal\">Die personenbezogenen Daten werden grunds\u00e4tzlich im Rahmen des Erwerbs der Mitgliedschaft erhoben.<\/p>\n<p id=\"u3271-153\" class=\"Flie-text-Normal\">\n<p id=\"u3271-155\" class=\"Flie-text-Normal\">Ende der Informationspflicht<\/p>\n","protected":false},"excerpt":{"rendered":"<p>Inhaltlich Verantwortliche gem\u00e4\u00df \u00a7 55 Abs. 2 RStV: Marina Kl\u00f6sener Sportvereinigung Brackwede e. V. Cheruskerstr. 1 33647 Bielefeld Telefon: +49 521 44 63 32 Telefax: +49 521 43 23 62 E-Mail: svbev@t-online.de Internet: www.sv-brackwede.de Registergericht: Amtsgericht Bielefeld Registernummer: VR 1263 &hellip; <a href=\"http:\/\/svb-teutoskipper.de\/?page_id=32\">Weiterlesen <span class=\"meta-nav\">&rarr;<\/span><\/a><\/p>\n","protected":false},"author":1,"featured_media":0,"parent":0,"menu_order":0,"comment_status":"closed","ping_status":"closed","template":"","meta":[],"_links":{"self":[{"href":"http:\/\/svb-teutoskipper.de\/index.php?rest_route=\/wp\/v2\/pages\/32"}],"collection":[{"href":"http:\/\/svb-teutoskipper.de\/index.php?rest_route=\/wp\/v2\/pages"}],"about":[{"href":"http:\/\/svb-teutoskipper.de\/index.php?rest_route=\/wp\/v2\/types\/page"}],"author":[{"embeddable":true,"href":"http:\/\/svb-teutoskipper.de\/index.php?rest_route=\/wp\/v2\/users\/1"}],"replies":[{"embeddable":true,"href":"http:\/\/svb-teutoskipper.de\/index.php?rest_route=%2Fwp%2Fv2%2Fcomments&post=32"}],"version-history":[{"count":7,"href":"http:\/\/svb-teutoskipper.de\/index.php?rest_route=\/wp\/v2\/pages\/32\/revisions"}],"predecessor-version":[{"id":1516,"href":"http:\/\/svb-teutoskipper.de\/index.php?rest_route=\/wp\/v2\/pages\/32\/revisions\/1516"}],"wp:attachment":[{"href":"http:\/\/svb-teutoskipper.de\/index.php?rest_route=%2Fwp%2Fv2%2Fmedia&parent=32"}],"curies":[{"name":"wp","href":"https:\/\/api.w.org\/{rel}","templated":true}]}}