{"id":52,"date":"2012-01-28T19:57:46","date_gmt":"2012-01-28T19:57:46","guid":{"rendered":"http:\/\/svb-teutoskipper.de\/?page_id=52"},"modified":"2025-11-22T08:39:14","modified_gmt":"2025-11-22T08:39:14","slug":"trainer","status":"publish","type":"page","link":"http:\/\/svb-teutoskipper.de\/?page_id=52","title":{"rendered":"Trainer"},"content":{"rendered":"<h1>Dienstag 17:00 &#8211; 18:00 Uhr<\/h1>\n<p><span style=\"text-decoration:underline;\">\u00dcbungsleiterinnen:<\/span> Amelie Urbanczyk und Kristin Balkenhol<\/p>\n<div id=\"attachment_1586\" style=\"width: 235px\" class=\"wp-caption aligncenter\"><img aria-describedby=\"caption-attachment-1586\" decoding=\"async\" loading=\"lazy\" class=\"wp-image-1586 size-medium\" src=\"http:\/\/svb-teutoskipper.de\/wp-content\/uploads\/Kristin_Amelie-225x300.jpg\" alt=\"\" width=\"225\" height=\"300\" srcset=\"http:\/\/svb-teutoskipper.de\/wp-content\/uploads\/Kristin_Amelie-225x300.jpg 225w, http:\/\/svb-teutoskipper.de\/wp-content\/uploads\/Kristin_Amelie-768x1024.jpg 768w, http:\/\/svb-teutoskipper.de\/wp-content\/uploads\/Kristin_Amelie-1152x1536.jpg 1152w, http:\/\/svb-teutoskipper.de\/wp-content\/uploads\/Kristin_Amelie.jpg 1200w\" sizes=\"(max-width: 225px) 100vw, 225px\" \/><p id=\"caption-attachment-1586\" class=\"wp-caption-text\">Amelie Urbanczyk, Kristin Balkenhol<\/p><\/div>\n<h1><\/h1>\n<h1>Dienstag 18:00 &#8211; 19:45 Uhr<\/h1>\n<p><span style=\"text-decoration:underline;\">\u00dcbungsleiterin<\/span>: Mandy Friesen<\/p>\n<p><img decoding=\"async\" loading=\"lazy\" class=\"wp-image-1178 alignnone size-full\" src=\"http:\/\/svb-teutoskipper.de\/wp-content\/uploads\/Mandy_03_23.png\" width=\"586\" height=\"862\" srcset=\"http:\/\/svb-teutoskipper.de\/wp-content\/uploads\/Mandy_03_23.png 586w, http:\/\/svb-teutoskipper.de\/wp-content\/uploads\/Mandy_03_23-204x300.png 204w\" sizes=\"(max-width: 586px) 100vw, 586px\" \/><\/p>\n<h1>\n<\/h1>\n<h1>Donnerstag 18:30 &#8211; 20:00 Uhr<\/h1>\n<p><span style=\"text-decoration:underline;\">\u00dcbungsleiterin:<\/span> nach Absprache<\/p>\n<h1>\n<\/h1>\n<h1>\n<\/h1>\n<h1>Freitag 16:00 &#8211; 17:00 Uhr<\/h1>\n<p><span style=\"text-decoration:underline;\">\u00dcbungsleiterinnen:<\/span> Stefanie Fischer und Kerstin Arendt<\/p>\n<h1><img decoding=\"async\" loading=\"lazy\" class=\"aligncenter size-medium wp-image-1177\" src=\"http:\/\/svb-teutoskipper.de\/wp-content\/uploads\/DoTrainer_RS_0323-300x213.png\" alt=\"\" width=\"300\" height=\"213\" srcset=\"http:\/\/svb-teutoskipper.de\/wp-content\/uploads\/DoTrainer_RS_0323-300x213.png 300w, http:\/\/svb-teutoskipper.de\/wp-content\/uploads\/DoTrainer_RS_0323-1024x728.png 1024w, http:\/\/svb-teutoskipper.de\/wp-content\/uploads\/DoTrainer_RS_0323-768x546.png 768w, http:\/\/svb-teutoskipper.de\/wp-content\/uploads\/DoTrainer_RS_0323-422x300.png 422w, http:\/\/svb-teutoskipper.de\/wp-content\/uploads\/DoTrainer_RS_0323.png 1197w\" sizes=\"(max-width: 300px) 100vw, 300px\" \/><\/h1>\n<h1>Freitag 17:00 &#8211; 19:30 Uhr<\/h1>\n<p><span style=\"text-decoration:underline;\">\u00dcbungsleiterin:<\/span> Jill Brinkmann<\/p>\n<div style=\"width: 1282px\" class=\"wp-caption alignnone\"><img decoding=\"async\" loading=\"lazy\" src=\"http:\/\/svb-teutoskipper.de\/wp-content\/uploads\/10002355752579893584132998907.jpg\" class=\"wp-image-1612 size-full\" width=\"1272\" height=\"1696\" srcset=\"http:\/\/svb-teutoskipper.de\/wp-content\/uploads\/10002355752579893584132998907.jpg 1272w, http:\/\/svb-teutoskipper.de\/wp-content\/uploads\/10002355752579893584132998907-225x300.jpg 225w, http:\/\/svb-teutoskipper.de\/wp-content\/uploads\/10002355752579893584132998907-768x1024.jpg 768w, http:\/\/svb-teutoskipper.de\/wp-content\/uploads\/10002355752579893584132998907-1152x1536.jpg 1152w\" sizes=\"(max-width: 1272px) 100vw, 1272px\" \/><p class=\"wp-caption-text\">Jill Brinkmann<\/p><\/div>\n","protected":false},"excerpt":{"rendered":"<p>Dienstag 17:00 &#8211; 18:00 Uhr \u00dcbungsleiterinnen: Amelie Urbanczyk und Kristin Balkenhol Dienstag 18:00 &#8211; 19:45 Uhr \u00dcbungsleiterin: Mandy Friesen Donnerstag 18:30 &#8211; 20:00 Uhr \u00dcbungsleiterin: nach Absprache Freitag 16:00 &#8211; 17:00 Uhr \u00dcbungsleiterinnen: Stefanie Fischer und Kerstin Arendt Freitag 17:00 &hellip; <a href=\"http:\/\/svb-teutoskipper.de\/?page_id=52\">Weiterlesen <span class=\"meta-nav\">&rarr;<\/span><\/a><\/p>\n","protected":false},"author":1,"featured_media":0,"parent":50,"menu_order":0,"comment_status":"closed","ping_status":"closed","template":"","meta":[],"_links":{"self":[{"href":"http:\/\/svb-teutoskipper.de\/index.php?rest_route=\/wp\/v2\/pages\/52"}],"collection":[{"href":"http:\/\/svb-teutoskipper.de\/index.php?rest_route=\/wp\/v2\/pages"}],"about":[{"href":"http:\/\/svb-teutoskipper.de\/index.php?rest_route=\/wp\/v2\/types\/page"}],"author":[{"embeddable":true,"href":"http:\/\/svb-teutoskipper.de\/index.php?rest_route=\/wp\/v2\/users\/1"}],"replies":[{"embeddable":true,"href":"http:\/\/svb-teutoskipper.de\/index.php?rest_route=%2Fwp%2Fv2%2Fcomments&post=52"}],"version-history":[{"count":23,"href":"http:\/\/svb-teutoskipper.de\/index.php?rest_route=\/wp\/v2\/pages\/52\/revisions"}],"predecessor-version":[{"id":1613,"href":"http:\/\/svb-teutoskipper.de\/index.php?rest_route=\/wp\/v2\/pages\/52\/revisions\/1613"}],"up":[{"embeddable":true,"href":"http:\/\/svb-teutoskipper.de\/index.php?rest_route=\/wp\/v2\/pages\/50"}],"wp:attachment":[{"href":"http:\/\/svb-teutoskipper.de\/index.php?rest_route=%2Fwp%2Fv2%2Fmedia&parent=52"}],"curies":[{"name":"wp","href":"https:\/\/api.w.org\/{rel}","templated":true}]}}