{"id":55,"date":"2012-01-28T20:02:59","date_gmt":"2012-01-28T20:02:59","guid":{"rendered":"http:\/\/svb-teutoskipper.de\/?page_id=55"},"modified":"2021-10-05T10:17:23","modified_gmt":"2021-10-05T10:17:23","slug":"showteam","status":"publish","type":"page","link":"http:\/\/svb-teutoskipper.de\/?page_id=55","title":{"rendered":"Showteam"},"content":{"rendered":"<p>Haben Sie Interesse an einem Auftritt unserer Showgruppe &#8222;Teuto Skipper&#8220;?<br \/>Wir freuen uns auf ihre Nachricht! Mehr Infos zu Kontaktm\u00f6glichkeiten sind unter &#8222;Kontakt&#8220; zu finden.<br \/>Wichtig sind f\u00fcr uns im Vorfeld folgende Informationen:<\/p>\n<ul>\n<li>Datum, Uhrzeit<\/li>\n<li>Ort<\/li>\n<li>Auftrittsfl\u00e4che (Untergrund, L\u00e4nge\/Breite\/H\u00f6he)<\/li>\n<li>Umziehm\u00f6glichkeit vorhanden?<\/li>\n<li>Musikanlage vorhanden?<\/li>\n<\/ul>\n<div id=\"attachment_993\" style=\"width: 282px\" class=\"wp-caption alignleft\"><img aria-describedby=\"caption-attachment-993\" decoding=\"async\" loading=\"lazy\" class=\"wp-image-993\" src=\"http:\/\/svb-teutoskipper.de\/wp-content\/uploads\/foto-3-e1633428996714-300x239.jpg\" alt=\"Teuto Skipper Showteam\" width=\"272\" height=\"219\" \/><p id=\"caption-attachment-993\" class=\"wp-caption-text\">Teuto Skipper &#8211; Showteam<\/p><\/div>\n<div id=\"attachment_888\" style=\"width: 310px\" class=\"wp-caption aligncenter\"><img aria-describedby=\"caption-attachment-888\" decoding=\"async\" loading=\"lazy\" class=\"wp-image-888 size-medium\" src=\"http:\/\/svb-teutoskipper.de\/wp-content\/uploads\/20200207_171606_klein-300x234.jpg\" alt=\"\" width=\"300\" height=\"234\" srcset=\"http:\/\/svb-teutoskipper.de\/wp-content\/uploads\/20200207_171606_klein-300x234.jpg 300w, http:\/\/svb-teutoskipper.de\/wp-content\/uploads\/20200207_171606_klein-768x598.jpg 768w, http:\/\/svb-teutoskipper.de\/wp-content\/uploads\/20200207_171606_klein-385x300.jpg 385w, http:\/\/svb-teutoskipper.de\/wp-content\/uploads\/20200207_171606_klein.jpg 781w\" sizes=\"(max-width: 300px) 100vw, 300px\" \/><p id=\"caption-attachment-888\" class=\"wp-caption-text\">Teuto Skipper &#8211; Showteam<\/p><\/div>\n<div id=\"attachment_890\" style=\"width: 310px\" class=\"wp-caption aligncenter\"><img aria-describedby=\"caption-attachment-890\" decoding=\"async\" loading=\"lazy\" class=\"wp-image-890 size-medium\" src=\"http:\/\/svb-teutoskipper.de\/wp-content\/uploads\/20200102_180324-1-300x169.jpg\" alt=\"\" width=\"300\" height=\"169\" srcset=\"http:\/\/svb-teutoskipper.de\/wp-content\/uploads\/20200102_180324-1-300x169.jpg 300w, http:\/\/svb-teutoskipper.de\/wp-content\/uploads\/20200102_180324-1-768x432.jpg 768w, http:\/\/svb-teutoskipper.de\/wp-content\/uploads\/20200102_180324-1.jpg 1024w, http:\/\/svb-teutoskipper.de\/wp-content\/uploads\/20200102_180324-1-500x281.jpg 500w\" sizes=\"(max-width: 300px) 100vw, 300px\" \/><p id=\"caption-attachment-890\" class=\"wp-caption-text\">Teuto Skipper &#8211; Feuerwerk der Turnkunst 2020 &#8222;OPUS&#8220;<\/p><\/div>\n\n\n<p><\/p>\n","protected":false},"excerpt":{"rendered":"<p>Haben Sie Interesse an einem Auftritt unserer Showgruppe &#8222;Teuto Skipper&#8220;?Wir freuen uns auf ihre Nachricht! Mehr Infos zu Kontaktm\u00f6glichkeiten sind unter &#8222;Kontakt&#8220; zu finden.Wichtig sind f\u00fcr uns im Vorfeld folgende Informationen: Datum, Uhrzeit Ort Auftrittsfl\u00e4che (Untergrund, L\u00e4nge\/Breite\/H\u00f6he) Umziehm\u00f6glichkeit vorhanden? Musikanlage &hellip; <a href=\"http:\/\/svb-teutoskipper.de\/?page_id=55\">Weiterlesen <span class=\"meta-nav\">&rarr;<\/span><\/a><\/p>\n","protected":false},"author":1,"featured_media":0,"parent":50,"menu_order":0,"comment_status":"closed","ping_status":"closed","template":"","meta":[],"_links":{"self":[{"href":"http:\/\/svb-teutoskipper.de\/index.php?rest_route=\/wp\/v2\/pages\/55"}],"collection":[{"href":"http:\/\/svb-teutoskipper.de\/index.php?rest_route=\/wp\/v2\/pages"}],"about":[{"href":"http:\/\/svb-teutoskipper.de\/index.php?rest_route=\/wp\/v2\/types\/page"}],"author":[{"embeddable":true,"href":"http:\/\/svb-teutoskipper.de\/index.php?rest_route=\/wp\/v2\/users\/1"}],"replies":[{"embeddable":true,"href":"http:\/\/svb-teutoskipper.de\/index.php?rest_route=%2Fwp%2Fv2%2Fcomments&post=55"}],"version-history":[{"count":14,"href":"http:\/\/svb-teutoskipper.de\/index.php?rest_route=\/wp\/v2\/pages\/55\/revisions"}],"predecessor-version":[{"id":994,"href":"http:\/\/svb-teutoskipper.de\/index.php?rest_route=\/wp\/v2\/pages\/55\/revisions\/994"}],"up":[{"embeddable":true,"href":"http:\/\/svb-teutoskipper.de\/index.php?rest_route=\/wp\/v2\/pages\/50"}],"wp:attachment":[{"href":"http:\/\/svb-teutoskipper.de\/index.php?rest_route=%2Fwp%2Fv2%2Fmedia&parent=55"}],"curies":[{"name":"wp","href":"https:\/\/api.w.org\/{rel}","templated":true}]}}