{"id":800,"date":"2019-03-27T10:59:36","date_gmt":"2019-03-27T10:59:36","guid":{"rendered":"http:\/\/svb-teutoskipper.de\/?page_id=800"},"modified":"2025-10-17T21:54:40","modified_gmt":"2025-10-17T21:54:40","slug":"em-2024-in-eger-ungarn","status":"publish","type":"page","link":"http:\/\/svb-teutoskipper.de\/?page_id=800","title":{"rendered":"WM 2025 in Kawasaki (Japan)"},"content":{"rendered":"<div class=\"moz-text-html\" lang=\"x-unicode\">\n<div>\n<p>Die NW berichtete am 22.09.25 \u00fcber den WM-Erfolg in Japan:<\/p>\n<p><img decoding=\"async\" loading=\"lazy\" class=\"aligncenter size-medium wp-image-1597\" src=\"http:\/\/svb-teutoskipper.de\/wp-content\/uploads\/NW_BerichtWM22.09.25-141x300.jpeg\" alt=\"\" width=\"141\" height=\"300\" srcset=\"http:\/\/svb-teutoskipper.de\/wp-content\/uploads\/NW_BerichtWM22.09.25-141x300.jpeg 141w, http:\/\/svb-teutoskipper.de\/wp-content\/uploads\/NW_BerichtWM22.09.25-480x1024.jpeg 480w, http:\/\/svb-teutoskipper.de\/wp-content\/uploads\/NW_BerichtWM22.09.25.jpeg 607w\" sizes=\"(max-width: 141px) 100vw, 141px\" \/><\/p>\n<p><strong>Bronze in Japan f\u00fcr Krause-Zwillinge<br \/>\n<\/strong><em>Melina und Leandra Krause \u00fcberzeugen bei Rope Skipping Weltmeisterschaft in Japan\u00a0<\/em><\/p>\n<p>Nach dem Erfolg bei den deutschen Meisterschaften konnten sich die beiden Krause-Schwestern, sowohl im Team, als auch im Einzelwettbewerb, eine Qualifikation f\u00fcr die Weltmeisterschaften im Rope Skipping sichern. Diese fanden Ende Juli bis Anfang August in Kawasaki, Japan statt.<\/p>\n<p>Bei den Weltmeisterschaften gingen die beiden in 8 unterschiedlichen Disziplinen an den Start und konnten sich mit soliden Leistungen mehrere \u201eTop Ten\u201c Platzierungen sichern.<\/p>\n<p>In der Disziplin \u201e2x30sek Double Under Relay\u201c, in der jeweils beide Springerinnen in 30sek m\u00f6glichst viele Doppelspr\u00fcnge erzielen m\u00fcssen, erreichten die beiden einen gro\u00dfartigen Wert von 185 Spr\u00fcngen. Diese Anzahl an Doppelspr\u00fcngen entsprach dem deutschen Rekord.<\/p>\n<p>In der Disziplin \u201eSingle Rope Team Freestyle\u201c konnten die Zwillinge mit ihrem Teamkolleginnen aus dem SV Rosellen gl\u00e4nzen und sich die Bronzemedaille f\u00fcr Deutschland im Open Tournament sichern.<\/p>\n<p>Im Einzelwettbewerb ging Leandra sowie auch Melina an den Start. Im starken und gro\u00dfen Teilnehmerfeld ersprangen sich Melina und Leandra Platzierungen im vorderen Drittel. Die Tickets f\u00fcr Finalpl\u00e4tze und die Podestplatzierungen machten die asiatischen Springerinnen unter sich aus. Dennoch konnten Sie sie zeigen, dass sie zu Europas Spitze geh\u00f6ren.<\/p>\n<p>Mit vielen Erinnerungen und neuen Erfahrungen im Gep\u00e4ck kehrte das Team in die Heimat zur\u00fcck. Doch viel entspannen ist nicht, die Vorbereitung f\u00fcr die westf\u00e4lische Einzel-Landesmeisterschaften am 08.11.25 in Brackwede und den European Wheel Contest am 30.11.25 im \u00f6sterreichischen Gmunden haben bereits begonnen.<\/p>\n<p>Die gesamte Rope Skipping Abteilung des SV Brackwede bedankt sich herzlich bei allen Unterst\u00fctzern, die die Teilnahme in Japan erm\u00f6glicht haben!<\/p>\n<p><img decoding=\"async\" loading=\"lazy\" class=\"aligncenter size-medium wp-image-1578\" src=\"http:\/\/svb-teutoskipper.de\/wp-content\/uploads\/IMG_6425-300x200.jpeg\" alt=\"\" width=\"300\" height=\"200\" srcset=\"http:\/\/svb-teutoskipper.de\/wp-content\/uploads\/IMG_6425-300x200.jpeg 300w, http:\/\/svb-teutoskipper.de\/wp-content\/uploads\/IMG_6425-1024x682.jpeg 1024w, http:\/\/svb-teutoskipper.de\/wp-content\/uploads\/IMG_6425-768x511.jpeg 768w, http:\/\/svb-teutoskipper.de\/wp-content\/uploads\/IMG_6425-1536x1023.jpeg 1536w, http:\/\/svb-teutoskipper.de\/wp-content\/uploads\/IMG_6425-2048x1364.jpeg 2048w, http:\/\/svb-teutoskipper.de\/wp-content\/uploads\/IMG_6425-450x300.jpeg 450w\" sizes=\"(max-width: 300px) 100vw, 300px\" \/> <img decoding=\"async\" loading=\"lazy\" class=\"aligncenter size-medium wp-image-1579\" src=\"http:\/\/svb-teutoskipper.de\/wp-content\/uploads\/Peachy_20250804120014578-225x300.jpeg\" alt=\"\" width=\"225\" height=\"300\" srcset=\"http:\/\/svb-teutoskipper.de\/wp-content\/uploads\/Peachy_20250804120014578-225x300.jpeg 225w, http:\/\/svb-teutoskipper.de\/wp-content\/uploads\/Peachy_20250804120014578-768x1024.jpeg 768w, http:\/\/svb-teutoskipper.de\/wp-content\/uploads\/Peachy_20250804120014578-1152x1536.jpeg 1152w, http:\/\/svb-teutoskipper.de\/wp-content\/uploads\/Peachy_20250804120014578-1536x2048.jpeg 1536w, http:\/\/svb-teutoskipper.de\/wp-content\/uploads\/Peachy_20250804120014578-scaled.jpeg 1920w\" sizes=\"(max-width: 225px) 100vw, 225px\" \/><\/p>\n<\/div>\n<\/div>\n<hr \/>\n<p>Bei der Deutschen Einzelmeisterschaft 2025 in Leipzig belegten unsere Rope Skipperinnen Melina und Leandra Krause, Hayat Korkmaz und Katharina Tost gro\u00dfartige Platzierungen. Melina und Leandra konnten sich erneut f\u00fcr die Weltmeisterschaft qualifizieren und nehmen 2025 in Kawasaki\/Japan teil.<\/p>\n<p><img decoding=\"async\" loading=\"lazy\" class=\"aligncenter size-medium wp-image-1524\" src=\"http:\/\/svb-teutoskipper.de\/wp-content\/uploads\/10001634317115182940103169599-139x300.jpg\" alt=\"\" width=\"139\" height=\"300\" srcset=\"http:\/\/svb-teutoskipper.de\/wp-content\/uploads\/10001634317115182940103169599-139x300.jpg 139w, http:\/\/svb-teutoskipper.de\/wp-content\/uploads\/10001634317115182940103169599-473x1024.jpg 473w, http:\/\/svb-teutoskipper.de\/wp-content\/uploads\/10001634317115182940103169599.jpg 616w\" sizes=\"(max-width: 139px) 100vw, 139px\" \/><img decoding=\"async\" loading=\"lazy\" class=\"aligncenter size-medium wp-image-1533\" src=\"http:\/\/svb-teutoskipper.de\/wp-content\/uploads\/IMG-20250603-WA0012-169x300.jpg\" alt=\"\" width=\"169\" height=\"300\" srcset=\"http:\/\/svb-teutoskipper.de\/wp-content\/uploads\/IMG-20250603-WA0012-169x300.jpg 169w, http:\/\/svb-teutoskipper.de\/wp-content\/uploads\/IMG-20250603-WA0012-576x1024.jpg 576w, http:\/\/svb-teutoskipper.de\/wp-content\/uploads\/IMG-20250603-WA0012-768x1365.jpg 768w, http:\/\/svb-teutoskipper.de\/wp-content\/uploads\/IMG-20250603-WA0012-864x1536.jpg 864w, http:\/\/svb-teutoskipper.de\/wp-content\/uploads\/IMG-20250603-WA0012.jpg 900w\" sizes=\"(max-width: 169px) 100vw, 169px\" \/> <img decoding=\"async\" loading=\"lazy\" class=\"aligncenter size-medium wp-image-1534\" src=\"http:\/\/svb-teutoskipper.de\/wp-content\/uploads\/IMG-20250603-WA0013-225x300.jpg\" alt=\"\" width=\"225\" height=\"300\" srcset=\"http:\/\/svb-teutoskipper.de\/wp-content\/uploads\/IMG-20250603-WA0013-225x300.jpg 225w, http:\/\/svb-teutoskipper.de\/wp-content\/uploads\/IMG-20250603-WA0013-768x1024.jpg 768w, http:\/\/svb-teutoskipper.de\/wp-content\/uploads\/IMG-20250603-WA0013-1152x1536.jpg 1152w, http:\/\/svb-teutoskipper.de\/wp-content\/uploads\/IMG-20250603-WA0013.jpg 1200w\" sizes=\"(max-width: 225px) 100vw, 225px\" \/><\/p>\n<p>Vielen Dank!<\/p>\n","protected":false},"excerpt":{"rendered":"<p>Die NW berichtete am 22.09.25 \u00fcber den WM-Erfolg in Japan: Bronze in Japan f\u00fcr Krause-Zwillinge Melina und Leandra Krause \u00fcberzeugen bei Rope Skipping Weltmeisterschaft in Japan\u00a0 Nach dem Erfolg bei den deutschen Meisterschaften konnten sich die beiden Krause-Schwestern, sowohl im &hellip; <a href=\"http:\/\/svb-teutoskipper.de\/?page_id=800\">Weiterlesen <span class=\"meta-nav\">&rarr;<\/span><\/a><\/p>\n","protected":false},"author":1,"featured_media":0,"parent":0,"menu_order":0,"comment_status":"closed","ping_status":"closed","template":"","meta":[],"_links":{"self":[{"href":"http:\/\/svb-teutoskipper.de\/index.php?rest_route=\/wp\/v2\/pages\/800"}],"collection":[{"href":"http:\/\/svb-teutoskipper.de\/index.php?rest_route=\/wp\/v2\/pages"}],"about":[{"href":"http:\/\/svb-teutoskipper.de\/index.php?rest_route=\/wp\/v2\/types\/page"}],"author":[{"embeddable":true,"href":"http:\/\/svb-teutoskipper.de\/index.php?rest_route=\/wp\/v2\/users\/1"}],"replies":[{"embeddable":true,"href":"http:\/\/svb-teutoskipper.de\/index.php?rest_route=%2Fwp%2Fv2%2Fcomments&post=800"}],"version-history":[{"count":29,"href":"http:\/\/svb-teutoskipper.de\/index.php?rest_route=\/wp\/v2\/pages\/800\/revisions"}],"predecessor-version":[{"id":1598,"href":"http:\/\/svb-teutoskipper.de\/index.php?rest_route=\/wp\/v2\/pages\/800\/revisions\/1598"}],"wp:attachment":[{"href":"http:\/\/svb-teutoskipper.de\/index.php?rest_route=%2Fwp%2Fv2%2Fmedia&parent=800"}],"curies":[{"name":"wp","href":"https:\/\/api.w.org\/{rel}","templated":true}]}}