{"id":89,"date":"2012-01-28T21:37:26","date_gmt":"2012-01-28T21:37:26","guid":{"rendered":"http:\/\/svb-teutoskipper.de\/?page_id=89"},"modified":"2016-01-14T17:30:14","modified_gmt":"2016-01-14T17:30:14","slug":"uber-uns_a","status":"publish","type":"page","link":"http:\/\/svb-teutoskipper.de\/?page_id=89","title":{"rendered":"\u00dcber uns"},"content":{"rendered":"<p align=\"justify\">Seit 1996 bietet die Sportvereinigung Brackwede e.V. (SVB) Rope Skipping in Brackwede an. Wir nennen uns &#8222;Teuto Skipper&#8220;, weil wir die Sportart in der sch\u00f6nen Stadt Bielefeld am Teutoburger Wald betreiben! Unsere feste Showgruppe besteht zurzeit aus 15 Skipperinnen, die 2-3-mal pro Woche trainieren (s. Trainingszeiten).<\/p>\n<p>Auftritte auf kleinen (Geburtstage &amp; Jubilare) und gro\u00dfen Veranstaltungen (Tischtennis Mens World Cup oder beim &#8222;Feuerwerk der Turnkunst&#8220;) pr\u00e4gen unsere letzten Jahre. Seit sechs Jahren veranstalten wir j\u00e4hrlich unsere Vereinsmeisterschaften, bei denen sich all unsere Rope Skipper untereinander messen k\u00f6nnen. Es ist wohl nicht zu \u00fcbersehen, bei uns ist immer \u00b4was los!<\/p>\n<p>Nat\u00fcrlich sind nicht nur wir, die Showgruppe, jede Woche flei\u00dfig. Jeden Dienstag bzw. Freitag trainieren unsere Anf\u00e4nger, um vielleicht auch irgendwann mal zu uns zu sto\u00dfen und regelm\u00e4\u00dfig an Auftritten und Wettk\u00e4mpfen teilzunehmen.<\/p>\n<p>Na, Lust bekommen, auch mal die Trendsportart Rope Skipping auszuprobieren? Oder ist das Interesse, uns erstmal &#8222;nur&#8220; zu sehen, doch gr\u00f6\u00dfer? Egal, um was es geht, wir freuen uns, dich \/ Sie kennen zu lernen. Rope Skipping ist garantiert etwas f\u00fcr jeden!<\/p>\n","protected":false},"excerpt":{"rendered":"<p>Seit 1996 bietet die Sportvereinigung Brackwede e.V. (SVB) Rope Skipping in Brackwede an. Wir nennen uns &#8222;Teuto Skipper&#8220;, weil wir die Sportart in der sch\u00f6nen Stadt Bielefeld am Teutoburger Wald betreiben! Unsere feste Showgruppe besteht zurzeit aus 15 Skipperinnen, die &hellip; <a href=\"http:\/\/svb-teutoskipper.de\/?page_id=89\">Weiterlesen <span class=\"meta-nav\">&rarr;<\/span><\/a><\/p>\n","protected":false},"author":1,"featured_media":0,"parent":0,"menu_order":0,"comment_status":"closed","ping_status":"closed","template":"","meta":[],"_links":{"self":[{"href":"http:\/\/svb-teutoskipper.de\/index.php?rest_route=\/wp\/v2\/pages\/89"}],"collection":[{"href":"http:\/\/svb-teutoskipper.de\/index.php?rest_route=\/wp\/v2\/pages"}],"about":[{"href":"http:\/\/svb-teutoskipper.de\/index.php?rest_route=\/wp\/v2\/types\/page"}],"author":[{"embeddable":true,"href":"http:\/\/svb-teutoskipper.de\/index.php?rest_route=\/wp\/v2\/users\/1"}],"replies":[{"embeddable":true,"href":"http:\/\/svb-teutoskipper.de\/index.php?rest_route=%2Fwp%2Fv2%2Fcomments&post=89"}],"version-history":[{"count":6,"href":"http:\/\/svb-teutoskipper.de\/index.php?rest_route=\/wp\/v2\/pages\/89\/revisions"}],"predecessor-version":[{"id":404,"href":"http:\/\/svb-teutoskipper.de\/index.php?rest_route=\/wp\/v2\/pages\/89\/revisions\/404"}],"wp:attachment":[{"href":"http:\/\/svb-teutoskipper.de\/index.php?rest_route=%2Fwp%2Fv2%2Fmedia&parent=89"}],"curies":[{"name":"wp","href":"https:\/\/api.w.org\/{rel}","templated":true}]}}